{"id":1497,"date":"2017-05-01T12:24:45","date_gmt":"2017-05-01T10:24:45","guid":{"rendered":"http:\/\/handisport-finistere.org\/?page_id=1497"},"modified":"2024-01-12T14:45:57","modified_gmt":"2024-01-12T13:45:57","slug":"maquette-6-site-handisport-comite-departemental-22","status":"publish","type":"page","link":"https:\/\/handisport-finistere.org\/index.php\/maquette-6-site-handisport-comite-departemental-22\/","title":{"rendered":"Comit\u00e9 D\u00e9partemental Handisport du Finist\u00e8re"},"content":{"rendered":"\t\t<div data-elementor-type=\"wp-page\" data-elementor-id=\"1497\" class=\"elementor elementor-1497\">\n\t\t\t\t\t\t<section class=\"elementor-section elementor-top-section elementor-element elementor-element-t7u5uvb elementor-section-full_width elementor-section-content-middle elementor-section-height-min-height elementor-section-height-default elementor-section-items-middle\" data-id=\"t7u5uvb\" data-element_type=\"section\" data-e-type=\"section\" data-settings=\"{&quot;background_background&quot;:&quot;gradient&quot;}\">\n\t\t\t\t\t\t\t<div class=\"elementor-background-overlay\"><\/div>\n\t\t\t\t\t\t\t<div class=\"elementor-container elementor-column-gap-narrow\">\n\t\t\t\t\t<div class=\"elementor-column elementor-col-33 elementor-top-column elementor-element elementor-element-28lc9dd\" data-id=\"28lc9dd\" data-element_type=\"column\" data-e-type=\"column\">\n\t\t\t<div class=\"elementor-widget-wrap elementor-element-populated\">\n\t\t\t\t\t\t<div class=\"elementor-element elementor-element-3wymmqf elementor-widget elementor-widget-image\" data-id=\"3wymmqf\" data-element_type=\"widget\" data-e-type=\"widget\" data-widget_type=\"image.default\">\n\t\t\t\t<div class=\"elementor-widget-container\">\n\t\t\t\t\t\t\t\t\t\t\t\t\t\t\t\t<a href=\"http:\/\/www.handisport.org\/tous-les-sports\/\" target=\"_blank\">\n\t\t\t\t\t\t\t<img fetchpriority=\"high\" decoding=\"async\" width=\"591\" height=\"591\" src=\"https:\/\/handisport-finistere.org\/wp-content\/uploads\/2022\/10\/rectangle-handicap-copie.png\" class=\"attachment-large size-large wp-image-2867\" alt=\"Trois messages sur fond aux couleurs FFH Handicap Visuel, Physique et Auditif\" srcset=\"https:\/\/handisport-finistere.org\/wp-content\/uploads\/2022\/10\/rectangle-handicap-copie.png 591w, https:\/\/handisport-finistere.org\/wp-content\/uploads\/2022\/10\/rectangle-handicap-copie-300x300.png 300w, https:\/\/handisport-finistere.org\/wp-content\/uploads\/2022\/10\/rectangle-handicap-copie-150x150.png 150w, https:\/\/handisport-finistere.org\/wp-content\/uploads\/2022\/10\/rectangle-handicap-copie-480x480.png 480w, https:\/\/handisport-finistere.org\/wp-content\/uploads\/2022\/10\/rectangle-handicap-copie-100x100.png 100w\" sizes=\"(max-width: 591px) 100vw, 591px\" \/>\t\t\t\t\t\t\t\t<\/a>\n\t\t\t\t\t\t\t\t\t\t\t\t\t\t\t<\/div>\n\t\t\t\t<\/div>\n\t\t\t\t<div class=\"elementor-element elementor-element-eira49o elementor-widget-divider--view-line elementor-widget elementor-widget-divider\" data-id=\"eira49o\" data-element_type=\"widget\" data-e-type=\"widget\" data-widget_type=\"divider.default\">\n\t\t\t\t<div class=\"elementor-widget-container\">\n\t\t\t\t\t\t\t<div class=\"elementor-divider\">\n\t\t\t<span class=\"elementor-divider-separator\">\n\t\t\t\t\t\t<\/span>\n\t\t<\/div>\n\t\t\t\t\t\t<\/div>\n\t\t\t\t<\/div>\n\t\t\t\t<div class=\"elementor-element elementor-element-50bq37j elementor-widget elementor-widget-text-editor\" data-id=\"50bq37j\" data-element_type=\"widget\" data-e-type=\"widget\" data-widget_type=\"text-editor.default\">\n\t\t\t\t<div class=\"elementor-widget-container\">\n\t\t\t\t\t\t\t\t\t<p style=\"padding-left: 60px;\"><span style=\"color: #fc0373; font-size: 16pt; font-family: verdana,geneva,sans-serif;\"><strong>Contact et Infos<\/strong><\/span><\/p><h6 style=\"padding-left: 60px;\"><span style=\"color: #000000; font-size: 14pt; font-family: times new roman,times,serif;\">06.82.99.31.48<\/span><br \/><span style=\"color: #000000; font-size: 14pt; font-family: times new roman,times,serif;\">06.75.15.66.96\u00a0 <\/span><\/h6><p style=\"padding-left: 60px;\"><span style=\"color: #0000ff; font-size: 14pt;\"><span style=\"font-family: 'times new roman', times, serif;\"><a style=\"color: #0000ff;\" href=\"mailto:cd29@handisport.org\" target=\"_blank\" rel=\"noopener\">cd29@handisport.org<\/a><\/span><\/span><\/p>\t\t\t\t\t\t\t\t<\/div>\n\t\t\t\t<\/div>\n\t\t\t\t<div class=\"elementor-element elementor-element-cff38d1 elementor-widget elementor-widget-spacer\" data-id=\"cff38d1\" data-element_type=\"widget\" data-e-type=\"widget\" data-widget_type=\"spacer.default\">\n\t\t\t\t<div class=\"elementor-widget-container\">\n\t\t\t\t\t\t\t<div class=\"elementor-spacer\">\n\t\t\t<div class=\"elementor-spacer-inner\"><\/div>\n\t\t<\/div>\n\t\t\t\t\t\t<\/div>\n\t\t\t\t<\/div>\n\t\t\t\t\t<\/div>\n\t\t<\/div>\n\t\t\t\t<div class=\"elementor-column elementor-col-66 elementor-top-column elementor-element elementor-element-pp554pq\" data-id=\"pp554pq\" data-element_type=\"column\" data-e-type=\"column\" data-settings=\"{&quot;background_background&quot;:&quot;none&quot;}\">\n\t\t\t<div class=\"elementor-widget-wrap elementor-element-populated\">\n\t\t\t\t\t\t<div class=\"elementor-element elementor-element-a7a6538 elementor-widget elementor-widget-spacer\" data-id=\"a7a6538\" data-element_type=\"widget\" data-e-type=\"widget\" data-widget_type=\"spacer.default\">\n\t\t\t\t<div class=\"elementor-widget-container\">\n\t\t\t\t\t\t\t<div class=\"elementor-spacer\">\n\t\t\t<div class=\"elementor-spacer-inner\"><\/div>\n\t\t<\/div>\n\t\t\t\t\t\t<\/div>\n\t\t\t\t<\/div>\n\t\t\t\t<div class=\"elementor-element elementor-element-c58a84a elementor-widget__width-inherit elementor-widget elementor-widget-wp-widget-metaslider_widget\" data-id=\"c58a84a\" data-element_type=\"widget\" data-e-type=\"widget\" data-widget_type=\"wp-widget-metaslider_widget.default\">\n\t\t\t\t<div class=\"elementor-widget-container\">\n\t\t\t\t\t<div id=\"metaslider-id-2667\" style=\"width: 100%;\" class=\"ml-slider-3-105-0 metaslider metaslider-flex metaslider-2667 ml-slider has-dots-nav ms-theme-default\" role=\"region\" aria-label=\"diaporama accueil\" data-height=\"420\" data-width=\"640\">\n    <div id=\"metaslider_container_2667\">\n        <div id=\"metaslider_2667\">\n            <ul class='slides'>\n                <li style=\"display: block; width: 100%;\" class=\"slide-2668 ms-image \" aria-roledescription=\"slide\" data-date=\"2022-10-04 16:50:33\" data-filename=\"2a0a0334_48948765453_o-scaled-1-640x420.jpg\" data-slide-type=\"image\"><img decoding=\"async\" src=\"https:\/\/handisport-finistere.org\/wp-content\/uploads\/2020\/05\/2a0a0334_48948765453_o-scaled-1-640x420.jpg\" height=\"420\" width=\"640\" alt=\"\" class=\"slider-2667 slide-2668 msDefaultImage\" title=\"2a0a0334_48948765453_o\" \/><\/li>\n                <li style=\"display: none; width: 100%;\" class=\"slide-2674 ms-image \" aria-roledescription=\"slide\" data-date=\"2022-10-04 17:00:24\" data-filename=\"C3-e1508406304105-640x420.jpg\" data-slide-type=\"image\"><img decoding=\"async\" src=\"https:\/\/handisport-finistere.org\/wp-content\/uploads\/2022\/10\/C3-e1508406304105-640x420.jpg\" height=\"420\" width=\"640\" alt=\"\" class=\"slider-2667 slide-2674 msDefaultImage\" title=\"C3-e1508406304105\" \/><\/li>\n                <li style=\"display: none; width: 100%;\" class=\"slide-2675 ms-image \" aria-roledescription=\"slide\" data-date=\"2022-10-04 17:00:24\" data-filename=\"HandiSurf_12052021_\u00a9D-Echelard_07-scaled-640x420.jpg\" data-slide-type=\"image\"><img loading=\"lazy\" decoding=\"async\" src=\"https:\/\/handisport-finistere.org\/wp-content\/uploads\/2024\/01\/HandiSurf_12052021_\u00a9D-Echelard_07-scaled-640x420.jpg\" height=\"420\" width=\"640\" alt=\"\" class=\"slider-2667 slide-2675 msDefaultImage\" title=\"HandiSurf_12052021_\u00a9D-Echelard_07\" \/><\/li>\n                <li style=\"display: none; width: 100%;\" class=\"slide-2676 ms-image \" aria-roledescription=\"slide\" data-date=\"2022-10-04 17:00:25\" data-filename=\"Raid-Finistere-2019-scaled-1-640x420.jpg\" data-slide-type=\"image\"><img loading=\"lazy\" decoding=\"async\" src=\"https:\/\/handisport-finistere.org\/wp-content\/uploads\/2022\/10\/Raid-Finistere-2019-scaled-1-640x420.jpg\" height=\"420\" width=\"640\" alt=\"\" class=\"slider-2667 slide-2676 msDefaultImage\" title=\"Raid-Finistere-2019-scaled\" \/><\/li>\n                <li style=\"display: none; width: 100%;\" class=\"slide-2677 ms-image \" aria-roledescription=\"slide\" data-date=\"2022-10-04 17:00:25\" data-filename=\"Raid-Finistere-Echelard-96-scaled-1-640x420.jpg\" data-slide-type=\"image\"><img loading=\"lazy\" decoding=\"async\" src=\"https:\/\/handisport-finistere.org\/wp-content\/uploads\/2022\/10\/Raid-Finistere-Echelard-96-scaled-1-640x420.jpg\" height=\"420\" width=\"640\" alt=\"\" class=\"slider-2667 slide-2677 msDefaultImage\" title=\"Raid-Finistere-Echelard-96-scaled\" \/><\/li>\n                <li style=\"display: none; width: 100%;\" class=\"slide-2678 ms-image \" aria-roledescription=\"slide\" data-date=\"2022-10-04 17:00:25\" data-filename=\"image00014-scaled-640x420.jpeg\" data-slide-type=\"image\"><img loading=\"lazy\" decoding=\"async\" src=\"https:\/\/handisport-finistere.org\/wp-content\/uploads\/2024\/01\/image00014-scaled-640x420.jpeg\" height=\"420\" width=\"640\" alt=\"\" class=\"slider-2667 slide-2678 msDefaultImage\" title=\"image00014\" \/><\/li>\n            <\/ul>\n        <\/div>\n        \n    <\/div>\n<\/div>\t\t\t\t<\/div>\n\t\t\t\t<\/div>\n\t\t\t\t\t<\/div>\n\t\t<\/div>\n\t\t\t\t\t<\/div>\n\t\t<\/section>\n\t\t\t\t<section class=\"elementor-section elementor-top-section elementor-element elementor-element-6b2e09c elementor-section-boxed elementor-section-height-default elementor-section-height-default\" data-id=\"6b2e09c\" data-element_type=\"section\" data-e-type=\"section\">\n\t\t\t\t\t\t<div class=\"elementor-container elementor-column-gap-default\">\n\t\t\t\t\t<div class=\"elementor-column elementor-col-100 elementor-top-column elementor-element elementor-element-90413e4\" data-id=\"90413e4\" data-element_type=\"column\" data-e-type=\"column\">\n\t\t\t<div class=\"elementor-widget-wrap elementor-element-populated\">\n\t\t\t\t\t\t<div class=\"elementor-element elementor-element-b808316 elementor-widget elementor-widget-image\" data-id=\"b808316\" data-element_type=\"widget\" data-e-type=\"widget\" data-widget_type=\"image.default\">\n\t\t\t\t<div class=\"elementor-widget-container\">\n\t\t\t\t\t\t\t\t\t\t\t\t\t\t\t<img loading=\"lazy\" decoding=\"async\" width=\"1024\" height=\"125\" src=\"https:\/\/handisport-finistere.org\/wp-content\/uploads\/2024\/01\/Design-sans-titre-3-1024x125.png\" class=\"attachment-large size-large wp-image-3095\" alt=\"\" srcset=\"https:\/\/handisport-finistere.org\/wp-content\/uploads\/2024\/01\/Design-sans-titre-3-1024x125.png 1024w, https:\/\/handisport-finistere.org\/wp-content\/uploads\/2024\/01\/Design-sans-titre-3-300x37.png 300w, https:\/\/handisport-finistere.org\/wp-content\/uploads\/2024\/01\/Design-sans-titre-3-768x94.png 768w, https:\/\/handisport-finistere.org\/wp-content\/uploads\/2024\/01\/Design-sans-titre-3-1536x187.png 1536w, https:\/\/handisport-finistere.org\/wp-content\/uploads\/2024\/01\/Design-sans-titre-3-1218x149.png 1218w, https:\/\/handisport-finistere.org\/wp-content\/uploads\/2024\/01\/Design-sans-titre-3-870x106.png 870w, https:\/\/handisport-finistere.org\/wp-content\/uploads\/2024\/01\/Design-sans-titre-3-480x59.png 480w, https:\/\/handisport-finistere.org\/wp-content\/uploads\/2024\/01\/Design-sans-titre-3.png 1640w\" sizes=\"(max-width: 1024px) 100vw, 1024px\" \/>\t\t\t\t\t\t\t\t\t\t\t\t\t\t\t<\/div>\n\t\t\t\t<\/div>\n\t\t\t\t\t<\/div>\n\t\t<\/div>\n\t\t\t\t\t<\/div>\n\t\t<\/section>\n\t\t\t\t<section class=\"elementor-section elementor-top-section elementor-element elementor-element-1a610c9 elementor-section-boxed elementor-section-height-default elementor-section-height-default\" data-id=\"1a610c9\" data-element_type=\"section\" data-e-type=\"section\">\n\t\t\t\t\t\t<div class=\"elementor-container elementor-column-gap-default\">\n\t\t\t\t\t<div class=\"elementor-column elementor-col-33 elementor-top-column elementor-element elementor-element-54026f9\" data-id=\"54026f9\" data-element_type=\"column\" data-e-type=\"column\">\n\t\t\t<div class=\"elementor-widget-wrap elementor-element-populated\">\n\t\t\t\t\t\t<div class=\"elementor-element elementor-element-c9908a1 elementor-widget elementor-widget-text-editor\" data-id=\"c9908a1\" data-element_type=\"widget\" data-e-type=\"widget\" data-widget_type=\"text-editor.default\">\n\t\t\t\t<div class=\"elementor-widget-container\">\n\t\t\t\t\t\t\t\t\t<p><iframe src=\"https:\/\/www.google.com\/maps\/d\/embed?mid=1deD60lVn1bkOpWsUgSGRVfqmPKw\" width=\"640\" height=\"480\"><\/iframe><\/p>\t\t\t\t\t\t\t\t<\/div>\n\t\t\t\t<\/div>\n\t\t\t\t<div class=\"elementor-element elementor-element-7035de4 elementor-widget elementor-widget-text-editor\" data-id=\"7035de4\" data-element_type=\"widget\" data-e-type=\"widget\" data-widget_type=\"text-editor.default\">\n\t\t\t\t<div class=\"elementor-widget-container\">\n\t\t\t\t\t\t\t\t\t<style type=\"text\/css\"> \n.flickr_badge_image {margin:0px;display:inline;}\n.flickr_badge_image img {border: 2px solid #666666 !important; padding:3px; margin:6px;}\n#flickr_badge_wrapper {width:300px;text-align:left}\n<\/style><div id=\"flickr_badge_wrapper\"><script type=\"text\/javascript\" src=\"https:\/\/www.flickr.com\/badge_code_v2.gne?count=9&#038;display=random&#038;size=s&#038;layout=x&#038;source=user&#038;user=186593074@N02\"><\/script><center><small>Created with <a href=\"http:\/\/www.flickrbadge.com\">flickr badge<\/a>.<\/small><\/center><\/div>\t\t\t\t\t\t\t\t<\/div>\n\t\t\t\t<\/div>\n\t\t\t\t\t<\/div>\n\t\t<\/div>\n\t\t\t\t<div class=\"elementor-column elementor-col-33 elementor-top-column elementor-element elementor-element-d74a18e\" data-id=\"d74a18e\" data-element_type=\"column\" data-e-type=\"column\">\n\t\t\t<div class=\"elementor-widget-wrap elementor-element-populated\">\n\t\t\t\t\t\t<div class=\"elementor-element elementor-element-74c66c4 elementor-widget__width-inherit elementor-widget elementor-widget-wp-widget-weblizar_facebook_likebox\" data-id=\"74c66c4\" data-element_type=\"widget\" data-e-type=\"widget\" data-widget_type=\"wp-widget-weblizar_facebook_likebox.default\">\n\t\t\t\t<div class=\"elementor-widget-container\">\n\t\t\t\t\t<h5>Posts Facebook r\u00e9cents<\/h5>\t\t<style>\r\n\t\t@media (max-width:767px) {\r\n\t\t\t.fb_iframe_widget {\r\n\t\t\t\twidth: 100%;\r\n\t\t\t}\r\n\t\t\t.fb_iframe_widget span {\r\n\t\t\t\twidth: 100% !important;\r\n\t\t\t}\r\n\t\t\t.fb_iframe_widget iframe {\r\n\t\t\t\twidth: 100% !important;\r\n\t\t\t}\r\n\t\t\t._8r {\r\n\t\t\t\tmargin-right: 5px;\r\n\t\t\t\tmargin-top: -4px !important;\r\n\t\t\t}\r\n\t\t}\r\n\t\t<\/style>\r\n        <div style=\"display:block;width:100%;float:left;overflow:hidden;margin-bottom:20px\">\r\n\t\t\t<div id=\"fb-root\"><\/div>\r\n\t\t\t<script>(function(d, s, id) {\r\n\t\t\t  var js, fjs = d.getElementsByTagName(s)[0];\r\n\t\t\t  if (d.getElementById(id)) return;\r\n\t\t\t  js = d.createElement(s); js.id = id;\r\n\t\t\t  js.src = \"\/\/connect.facebook.net\/fr_FR\/sdk.js#xfbml=1&version=v2.7\";\r\n\t\t\t  fjs.parentNode.insertBefore(js, fjs);\r\n\t\t\t}(document, 'script', 'facebook-jssdk'));<\/script>\r\n\t\t\t<div class=\"fb-like-box\" style=\"background-color: auto;\" data-small-header=\"true\" data-height=\"560\" data-href=\"https:\/\/www.facebook.com\/handisportfinistere\/\" data-show-border=\"true\" data-show-faces=\"true\" data-stream=\"true\" data-width=\"320\" data-force-wall=\"false\"><\/div>\r\n\r\n\t\t<\/div>\r\n        \t\t\t\t<\/div>\n\t\t\t\t<\/div>\n\t\t\t\t\t<\/div>\n\t\t<\/div>\n\t\t\t\t<div class=\"elementor-column elementor-col-33 elementor-top-column elementor-element elementor-element-e643908\" data-id=\"e643908\" data-element_type=\"column\" data-e-type=\"column\">\n\t\t\t<div class=\"elementor-widget-wrap elementor-element-populated\">\n\t\t\t\t\t\t<div class=\"elementor-element elementor-element-0353b03 elementor-widget elementor-widget-video\" data-id=\"0353b03\" data-element_type=\"widget\" data-e-type=\"widget\" data-settings=\"{&quot;video_type&quot;:&quot;vimeo&quot;}\" data-widget_type=\"video.default\">\n\t\t\t\t<div class=\"elementor-widget-container\">\n\t\t\t\t\t\t\t<div class=\"elementor-wrapper elementor-open-inline\">\n\t\t\t<iframe class=\"elementor-video-iframe\" allowfullscreen allow=\"clipboard-write\" title=\"Lecteur vid\u00e9o vimeo\" src=\"https:\/\/player.vimeo.com\/video\/192583562?color&amp;autopause=0&amp;loop=0&amp;muted=0&amp;title=1&amp;portrait=1&amp;byline=1#t=\"><\/iframe>\t\t<\/div>\n\t\t\t\t\t\t<\/div>\n\t\t\t\t<\/div>\n\t\t\t\t<div class=\"elementor-element elementor-element-2d5ea5d elementor-widget elementor-widget-video\" data-id=\"2d5ea5d\" data-element_type=\"widget\" data-e-type=\"widget\" data-settings=\"{&quot;video_type&quot;:&quot;vimeo&quot;}\" data-widget_type=\"video.default\">\n\t\t\t\t<div class=\"elementor-widget-container\">\n\t\t\t\t\t\t\t<div class=\"elementor-wrapper elementor-open-inline\">\n\t\t\t<iframe class=\"elementor-video-iframe\" allowfullscreen allow=\"clipboard-write\" title=\"Lecteur vid\u00e9o vimeo\" src=\"https:\/\/player.vimeo.com\/video\/125561693?color&amp;autopause=0&amp;loop=0&amp;muted=0&amp;title=1&amp;portrait=1&amp;byline=1#t=\"><\/iframe>\t\t<\/div>\n\t\t\t\t\t\t<\/div>\n\t\t\t\t<\/div>\n\t\t\t\t\t<\/div>\n\t\t<\/div>\n\t\t\t\t\t<\/div>\n\t\t<\/section>\n\t\t\t\t<section class=\"elementor-section elementor-top-section elementor-element elementor-element-25731e2 elementor-section-boxed elementor-section-height-default elementor-section-height-default\" data-id=\"25731e2\" data-element_type=\"section\" data-e-type=\"section\">\n\t\t\t\t\t\t<div class=\"elementor-container elementor-column-gap-default\">\n\t\t\t\t\t<div class=\"elementor-column elementor-col-100 elementor-top-column elementor-element elementor-element-53a4412\" data-id=\"53a4412\" data-element_type=\"column\" data-e-type=\"column\">\n\t\t\t<div class=\"elementor-widget-wrap elementor-element-populated\">\n\t\t\t\t\t\t<div class=\"elementor-element elementor-element-0bd92e0 elementor-widget elementor-widget-spacer\" data-id=\"0bd92e0\" data-element_type=\"widget\" data-e-type=\"widget\" data-widget_type=\"spacer.default\">\n\t\t\t\t<div class=\"elementor-widget-container\">\n\t\t\t\t\t\t\t<div class=\"elementor-spacer\">\n\t\t\t<div class=\"elementor-spacer-inner\"><\/div>\n\t\t<\/div>\n\t\t\t\t\t\t<\/div>\n\t\t\t\t<\/div>\n\t\t\t\t\t<\/div>\n\t\t<\/div>\n\t\t\t\t\t<\/div>\n\t\t<\/section>\n\t\t\t\t<section class=\"elementor-section elementor-top-section elementor-element elementor-element-7bad0d5 elementor-section-boxed elementor-section-height-default elementor-section-height-default\" data-id=\"7bad0d5\" data-element_type=\"section\" data-e-type=\"section\">\n\t\t\t\t\t\t\t<div class=\"elementor-background-overlay\"><\/div>\n\t\t\t\t\t\t\t<div class=\"elementor-container elementor-column-gap-default\">\n\t\t\t\t\t<div class=\"elementor-column elementor-col-50 elementor-top-column elementor-element elementor-element-3e30e58\" data-id=\"3e30e58\" data-element_type=\"column\" data-e-type=\"column\" data-settings=\"{&quot;background_background&quot;:&quot;classic&quot;}\">\n\t\t\t<div class=\"elementor-widget-wrap elementor-element-populated\">\n\t\t\t\t\t\t<div class=\"elementor-element elementor-element-cb4e478 elementor-widget elementor-widget-text-editor\" data-id=\"cb4e478\" data-element_type=\"widget\" data-e-type=\"widget\" data-widget_type=\"text-editor.default\">\n\t\t\t\t<div class=\"elementor-widget-container\">\n\t\t\t\t\t\t\t\t\t<p><!-- Begin Mailchimp Signup Form --><\/p><p><style type=\"text\/css\">\n\t#mc_embed_signup{background:#fff; clear:left; font:14px Helvetica,Arial,sans-serif; }<br \/>\n\t\/* Add your own Mailchimp form style overrides in your site stylesheet or in this style block.<br \/>\n\t   We recommend moving this block and the preceding CSS link to the HEAD of your HTML file. *\/<br \/>\n<\/style><\/p><div id=\"mc_embed_signup\"><form id=\"mc-embedded-subscribe-form\" class=\"validate\" action=\"https:\/\/handisport-finistere.us18.list-manage.com\/subscribe\/post?u=d5bf273181079616f36e07599&amp;id=7d6168a08e\" method=\"post\" name=\"mc-embedded-subscribe-form\" novalidate=\"\" target=\"_blank\"><div id=\"mc_embed_signup_scroll\"><label for=\"mce-EMAIL\">Inscrivez vous \u00e0 la newsletter Handisport Finist\u00e8re<\/label><br \/><input id=\"mce-EMAIL\" class=\"email\" name=\"EMAIL\" required=\"\" type=\"email\" value=\"\" placeholder=\"email address\" \/><br \/><!-- real people should not fill this in and expect good things - do not remove this or risk form bot signups--><div style=\"position: absolute; left: -5000px;\" aria-hidden=\"true\"><input tabindex=\"-1\" name=\"b_d5bf273181079616f36e07599_7d6168a08e\" type=\"text\" value=\"\" \/><\/div><div class=\"clear\"><input id=\"mc-embedded-S'inscrire\" class=\"button\" name=\"S'inscrire\" type=\"submit\" value=\"S'inscrire\" \/><\/div><\/div><\/form><\/div><p><!--End mc_embed_signup--><\/p>\t\t\t\t\t\t\t\t<\/div>\n\t\t\t\t<\/div>\n\t\t\t\t\t<\/div>\n\t\t<\/div>\n\t\t\t\t<div class=\"elementor-column elementor-col-50 elementor-top-column elementor-element elementor-element-33779ae\" data-id=\"33779ae\" data-element_type=\"column\" data-e-type=\"column\">\n\t\t\t<div class=\"elementor-widget-wrap\">\n\t\t\t\t\t\t\t<\/div>\n\t\t<\/div>\n\t\t\t\t\t<\/div>\n\t\t<\/section>\n\t\t\t\t<section class=\"elementor-section elementor-top-section elementor-element elementor-element-f977ea2 elementor-section-boxed elementor-section-height-default elementor-section-height-default\" data-id=\"f977ea2\" data-element_type=\"section\" data-e-type=\"section\">\n\t\t\t\t\t\t<div class=\"elementor-container elementor-column-gap-default\">\n\t\t\t\t\t<div class=\"elementor-column elementor-col-100 elementor-top-column elementor-element elementor-element-8220185\" data-id=\"8220185\" data-element_type=\"column\" data-e-type=\"column\">\n\t\t\t<div class=\"elementor-widget-wrap elementor-element-populated\">\n\t\t\t\t\t\t<div class=\"elementor-element elementor-element-18af797 elementor-widget elementor-widget-spacer\" data-id=\"18af797\" data-element_type=\"widget\" data-e-type=\"widget\" data-widget_type=\"spacer.default\">\n\t\t\t\t<div class=\"elementor-widget-container\">\n\t\t\t\t\t\t\t<div class=\"elementor-spacer\">\n\t\t\t<div class=\"elementor-spacer-inner\"><\/div>\n\t\t<\/div>\n\t\t\t\t\t\t<\/div>\n\t\t\t\t<\/div>\n\t\t\t\t<div class=\"elementor-element elementor-element-d36e0e8 elementor-widget-divider--view-line elementor-widget elementor-widget-divider\" data-id=\"d36e0e8\" data-element_type=\"widget\" data-e-type=\"widget\" data-widget_type=\"divider.default\">\n\t\t\t\t<div class=\"elementor-widget-container\">\n\t\t\t\t\t\t\t<div class=\"elementor-divider\">\n\t\t\t<span class=\"elementor-divider-separator\">\n\t\t\t\t\t\t<\/span>\n\t\t<\/div>\n\t\t\t\t\t\t<\/div>\n\t\t\t\t<\/div>\n\t\t\t\t<div class=\"elementor-element elementor-element-7c583f5 elementor-widget elementor-widget-heading\" data-id=\"7c583f5\" data-element_type=\"widget\" data-e-type=\"widget\" data-widget_type=\"heading.default\">\n\t\t\t\t<div class=\"elementor-widget-container\">\n\t\t\t\t\t<h4 class=\"elementor-heading-title elementor-size-default\">NOS PARTENAIRES MAJEURS<\/h4>\t\t\t\t<\/div>\n\t\t\t\t<\/div>\n\t\t\t\t<div class=\"elementor-element elementor-element-20303ab elementor-widget elementor-widget-image\" data-id=\"20303ab\" data-element_type=\"widget\" data-e-type=\"widget\" data-widget_type=\"image.default\">\n\t\t\t\t<div class=\"elementor-widget-container\">\n\t\t\t\t\t\t\t\t\t\t\t\t\t\t\t<img loading=\"lazy\" decoding=\"async\" width=\"1024\" height=\"312\" src=\"https:\/\/handisport-finistere.org\/wp-content\/uploads\/2024\/01\/BANDEAU-PARTENAIRE-SITE-1024x312.png\" class=\"attachment-large size-large wp-image-3094\" alt=\"\" srcset=\"https:\/\/handisport-finistere.org\/wp-content\/uploads\/2024\/01\/BANDEAU-PARTENAIRE-SITE-1024x312.png 1024w, https:\/\/handisport-finistere.org\/wp-content\/uploads\/2024\/01\/BANDEAU-PARTENAIRE-SITE-300x91.png 300w, https:\/\/handisport-finistere.org\/wp-content\/uploads\/2024\/01\/BANDEAU-PARTENAIRE-SITE-768x234.png 768w, https:\/\/handisport-finistere.org\/wp-content\/uploads\/2024\/01\/BANDEAU-PARTENAIRE-SITE-1536x468.png 1536w, https:\/\/handisport-finistere.org\/wp-content\/uploads\/2024\/01\/BANDEAU-PARTENAIRE-SITE-1218x371.png 1218w, https:\/\/handisport-finistere.org\/wp-content\/uploads\/2024\/01\/BANDEAU-PARTENAIRE-SITE-870x265.png 870w, https:\/\/handisport-finistere.org\/wp-content\/uploads\/2024\/01\/BANDEAU-PARTENAIRE-SITE-480x146.png 480w, https:\/\/handisport-finistere.org\/wp-content\/uploads\/2024\/01\/BANDEAU-PARTENAIRE-SITE.png 1640w\" sizes=\"(max-width: 1024px) 100vw, 1024px\" \/>\t\t\t\t\t\t\t\t\t\t\t\t\t\t\t<\/div>\n\t\t\t\t<\/div>\n\t\t\t\t\t<\/div>\n\t\t<\/div>\n\t\t\t\t\t<\/div>\n\t\t<\/section>\n\t\t\t\t<\/div>\n\t\t","protected":false},"excerpt":{"rendered":"<p>Contact et Infos 06.82.99.31.4806.75.15.66.96\u00a0 cd29@handisport.org Created with flickr badge.https:\/\/vimeo.com\/192583562https:\/\/vimeo.com\/125561693 Inscrivez vous \u00e0 la newsletter Handisport Finist\u00e8re NOS PARTENAIRES MAJEURS<\/p>\n","protected":false},"author":1,"featured_media":0,"parent":0,"menu_order":0,"comment_status":"closed","ping_status":"closed","template":"","meta":{"footnotes":""},"class_list":["post-1497","page","type-page","status-publish","hentry"],"_links":{"self":[{"href":"https:\/\/handisport-finistere.org\/index.php\/wp-json\/wp\/v2\/pages\/1497","targetHints":{"allow":["GET"]}}],"collection":[{"href":"https:\/\/handisport-finistere.org\/index.php\/wp-json\/wp\/v2\/pages"}],"about":[{"href":"https:\/\/handisport-finistere.org\/index.php\/wp-json\/wp\/v2\/types\/page"}],"author":[{"embeddable":true,"href":"https:\/\/handisport-finistere.org\/index.php\/wp-json\/wp\/v2\/users\/1"}],"replies":[{"embeddable":true,"href":"https:\/\/handisport-finistere.org\/index.php\/wp-json\/wp\/v2\/comments?post=1497"}],"version-history":[{"count":115,"href":"https:\/\/handisport-finistere.org\/index.php\/wp-json\/wp\/v2\/pages\/1497\/revisions"}],"predecessor-version":[{"id":3109,"href":"https:\/\/handisport-finistere.org\/index.php\/wp-json\/wp\/v2\/pages\/1497\/revisions\/3109"}],"wp:attachment":[{"href":"https:\/\/handisport-finistere.org\/index.php\/wp-json\/wp\/v2\/media?parent=1497"}],"curies":[{"name":"wp","href":"https:\/\/api.w.org\/{rel}","templated":true}]}}