{"id":1775,"date":"2017-03-05T15:58:35","date_gmt":"2017-03-05T14:58:35","guid":{"rendered":"http:\/\/handisport-finistere.org\/?page_id=1775"},"modified":"2017-03-05T15:58:35","modified_gmt":"2017-03-05T14:58:35","slug":"page-recherchee-nest-disponible","status":"publish","type":"page","link":"https:\/\/handisport-finistere.org\/index.php\/page-recherchee-nest-disponible\/","title":{"rendered":"La page recherch\u00e9e n&rsquo;est pas disponible"},"content":{"rendered":"<p><img decoding=\"async\" src=\"http:\/\/handisport-finistere.org\/wp-content\/uploads\/2017\/03\/detective-recherche_page_web-150x150.png\" sizes=\"(max-width: 150px) 100vw, 150px\" srcset=\"http:\/\/handisport-finistere.org\/wp-content\/uploads\/2017\/03\/detective-recherche_page_web-150x150.png 150w, http:\/\/handisport-finistere.org\/wp-content\/uploads\/2017\/03\/detective-recherche_page_web-50x50.png 50w\" alt=\"plut\u00f4t que de chercher, aller \u00e0 l'accueil\" width=\"150\" height=\"150\" \/><\/p>\n<p><strong>Nous sommes d\u00e9sol\u00e9s, mais la page que vous cherchez n&rsquo;est pas, ou plus disponible, sur ce serveur.<\/strong><\/p>\n<p>Nous vous prions de <a style=\"color: #c00066;\" href=\"http:\/\/handisport-finistere.org\">consulter notre page d&rsquo;accueil<\/a> ( ou en clair http:\/\/handisport-finistere.org)<\/p>\n<p>Elle vous permet de naviguer dans le site.<\/p>\n<p>Notez le moteur de recherche en haut \u00e0 droite de l&rsquo;\u00e9cran qui permet une recherche par mots-cl\u00e9s.<\/p>\n<p>Etant actuellement en cours de migration de notre site, nous allons proc\u00e9der d\u00e8s que possible aux corrections requises.<\/p>\n","protected":false},"excerpt":{"rendered":"<p>Nous sommes d\u00e9sol\u00e9s, mais la page que vous cherchez n&rsquo;est pas, ou plus disponible, sur ce serveur. Nous vous prions de consulter notre page d&rsquo;accueil ( ou en clair http:\/\/handisport-finistere.org) Elle vous permet de naviguer dans le site. Notez le moteur de recherche en haut \u00e0 droite de l&rsquo;\u00e9cran qui permet une recherche par mots-cl\u00e9s. [&hellip;]<\/p>\n","protected":false},"author":1,"featured_media":0,"parent":0,"menu_order":0,"comment_status":"closed","ping_status":"closed","template":"","meta":{"footnotes":""},"class_list":["post-1775","page","type-page","status-publish","hentry"],"_links":{"self":[{"href":"https:\/\/handisport-finistere.org\/index.php\/wp-json\/wp\/v2\/pages\/1775","targetHints":{"allow":["GET"]}}],"collection":[{"href":"https:\/\/handisport-finistere.org\/index.php\/wp-json\/wp\/v2\/pages"}],"about":[{"href":"https:\/\/handisport-finistere.org\/index.php\/wp-json\/wp\/v2\/types\/page"}],"author":[{"embeddable":true,"href":"https:\/\/handisport-finistere.org\/index.php\/wp-json\/wp\/v2\/users\/1"}],"replies":[{"embeddable":true,"href":"https:\/\/handisport-finistere.org\/index.php\/wp-json\/wp\/v2\/comments?post=1775"}],"version-history":[{"count":0,"href":"https:\/\/handisport-finistere.org\/index.php\/wp-json\/wp\/v2\/pages\/1775\/revisions"}],"wp:attachment":[{"href":"https:\/\/handisport-finistere.org\/index.php\/wp-json\/wp\/v2\/media?parent=1775"}],"curies":[{"name":"wp","href":"https:\/\/api.w.org\/{rel}","templated":true}]}}